{"id":25545109,"date":"2025-04-04T17:00:44","date_gmt":"2025-04-04T15:00:44","guid":{"rendered":"https:\/\/www.ftsled.fr\/%d8%a7%d9%84%d9%85%d9%88%d8%a7%d9%82%d8%b9\/"},"modified":"2026-02-09T12:43:48","modified_gmt":"2026-02-09T11:43:48","slug":"%d8%a7%d9%84%d9%85%d9%88%d8%a7%d9%82%d8%b9","status":"publish","type":"page","link":"https:\/\/www.ftsled.fr\/ar\/%d8%a7%d9%84%d9%85%d9%88%d8%a7%d9%82%d8%b9\/","title":{"rendered":"\u0627\u0644\u0645\u0648\u0627\u0642\u0639"},"content":{"rendered":"<p>[et_pb_section fb_built=&#8221;1&#8243; admin_label=&#8221;Hero&#8221; _builder_version=&#8221;4.25.2&#8243; _module_preset=&#8221;74c69059-8e69-4122-b1e6-dfeabf6c5711&#8243; use_background_color_gradient=&#8221;on&#8221; background_color_gradient_stops=&#8221;rgba(0,0,0,0.6) 0%|rgba(0,0,0,0.9) 100%&#8221; background_color_gradient_overlays_image=&#8221;on&#8221; background_color_gradient_start=&#8221;rgba(0,0,0,0.5)&#8221; background_color_gradient_end=&#8221;rgba(0,0,0,0.75)&#8221; background_image=&#8221;https:\/\/premadesections.divi.support\/premade\/wp-content\/uploads\/sites\/4\/2023\/11\/1920&#215;1080.jpg&#8221; custom_padding=&#8221;2vw||2vw||true|false&#8221; locked=&#8221;off&#8221; collapsed=&#8221;on&#8221; global_colors_info=&#8221;{}&#8221;][et_pb_row column_structure=&#8221;2_3,1_3&#8243; _builder_version=&#8221;4.18.0&#8243; _module_preset=&#8221;5138c454-be54-4233-bd3b-f8e6a8747976&#8243; global_colors_info=&#8221;{}&#8221;][et_pb_column type=&#8221;2_3&#8243; _builder_version=&#8221;4.16&#8243; _module_preset=&#8221;73121f80-a3ef-4484-8763-c3f18e3c56d2&#8243; global_colors_info=&#8221;{}&#8221;][et_pb_heading title=&#8221;\u0627\u0633\u062a\u0643\u0634\u0641 \u0634\u0628\u0643\u062a\u0646\u0627 \u0627\u0644\u0639\u0627\u0644\u0645\u064a\u0629&#8221; _builder_version=&#8221;4.24.3&#8243; _module_preset=&#8221;f0c675ea-2574-4d0e-b725-30f8550a8550&#8243; title_level=&#8221;h4&#8243; title_font=&#8221;Inter|Syne_weight||on|||||&#8221; title_text_color=&#8221;#FFFFFF&#8221; title_font_size=&#8221;14px&#8221; title_letter_spacing=&#8221;1px&#8221; title_line_height=&#8221;1.4em&#8221; custom_margin=&#8221;||10px||false|false&#8221; title_font_size_tablet=&#8221;13px&#8221; title_font_size_phone=&#8221;13px&#8221; title_font_size_last_edited=&#8221;on|desktop&#8221; locked=&#8221;off&#8221; global_colors_info=&#8221;{}&#8221;][\/et_pb_heading][et_pb_heading title=&#8221;\u0627\u0628\u062d\u062b \u0639\u0646 \u0627\u0644\u0645\u0648\u0632\u0639 \u0627\u0644\u0645\u062d\u0644\u064a \u0627\u0644\u062e\u0627\u0635 \u0628\u0643&#8221; _builder_version=&#8221;4.24.2&#8243; _module_preset=&#8221;ddeb8c09-9078-4424-bc15-2efb6572e28e&#8221; title_font=&#8221;Syne|Syne_weight|||||||&#8221; title_text_color=&#8221;#FFFFFF&#8221; title_font_size=&#8221;72px&#8221; title_line_height=&#8221;1.15em&#8221; title_font_size_tablet=&#8221;40px&#8221; title_font_size_phone=&#8221;24px&#8221; title_font_size_last_edited=&#8221;on|phone&#8221; locked=&#8221;off&#8221; global_colors_info=&#8221;{}&#8221;][\/et_pb_heading][et_pb_text quote_border_color=&#8221;#FFFFFF&#8221; _builder_version=&#8221;4.24.2&#8243; _module_preset=&#8221;0504de1e-f5ff-4281-ba60-cbbe4edf98bc&#8221; text_font=&#8221;Inter|Inter_weight|||||||&#8221; text_text_color=&#8221;#FFFFFF&#8221; text_font_size=&#8221;16px&#8221; text_line_height=&#8221;1.75em&#8221; link_font=&#8221;||||on||||&#8221; link_text_color=&#8221;#FFFFFF&#8221; quote_font=&#8221;Syne|Syne_weight|||||||&#8221; quote_text_color=&#8221;#FFFFFF&#8221; header_font=&#8221;Syne|Syne_weight|||||||&#8221; header_text_color=&#8221;#FFFFFF&#8221; header_font_size=&#8221;72px&#8221; header_line_height=&#8221;1.15em&#8221; header_2_font=&#8221;Syne|Syne_weight|||||||&#8221; header_2_text_color=&#8221;#FFFFFF&#8221; header_2_font_size=&#8221;50px&#8221; header_2_line_height=&#8221;1.2em&#8221; header_3_font=&#8221;Syne|Syne_weight|||||||&#8221; header_3_text_color=&#8221;#FFFFFF&#8221; header_3_font_size=&#8221;32px&#8221; header_3_line_height=&#8221;1.3em&#8221; header_4_font=&#8221;Syne|Syne_weight|||||||&#8221; header_4_text_color=&#8221;#FFFFFF&#8221; header_4_font_size=&#8221;24px&#8221; header_4_line_height=&#8221;1.4em&#8221; header_5_font=&#8221;Syne|Syne_weight|||||||&#8221; header_5_text_color=&#8221;#FFFFFF&#8221; header_5_font_size=&#8221;18px&#8221; header_5_line_height=&#8221;1.4em&#8221; header_6_font=&#8221;Syne|Syne_weight|||||||&#8221; header_6_text_color=&#8221;#FFFFFF&#8221; header_6_line_height=&#8221;1.5em&#8221; custom_margin=&#8221;||||false|false&#8221; text_font_size_tablet=&#8221;15px&#8221; text_font_size_phone=&#8221;14px&#8221; text_font_size_last_edited=&#8221;on|phone&#8221; header_font_size_tablet=&#8221;40px&#8221; header_font_size_phone=&#8221;24px&#8221; header_font_size_last_edited=&#8221;on|desktop&#8221; header_2_font_size_tablet=&#8221;28px&#8221; header_2_font_size_phone=&#8221;20px&#8221; header_2_font_size_last_edited=&#8221;on|phone&#8221; header_3_font_size_tablet=&#8221;22px&#8221; header_3_font_size_phone=&#8221;17px&#8221; header_3_font_size_last_edited=&#8221;on|phone&#8221; header_4_font_size_tablet=&#8221;18px&#8221; header_4_font_size_phone=&#8221;15px&#8221; header_4_font_size_last_edited=&#8221;on|tablet&#8221; header_5_font_size_tablet=&#8221;15px&#8221; header_5_font_size_phone=&#8221;14px&#8221; header_5_font_size_last_edited=&#8221;on|desktop&#8221; header_6_font_size_tablet=&#8221;13px&#8221; header_6_font_size_phone=&#8221;13px&#8221; header_6_font_size_last_edited=&#8221;on|desktop&#8221; locked=&#8221;off&#8221; global_colors_info=&#8221;{}&#8221;]<\/p>\n<p>\u062a\u0648\u0627\u0635\u0644 \u0645\u0639 \u0645\u0648\u0632\u0639\u064a\u0646\u0627 \u0627\u0644\u0645\u0648\u062b\u0648\u0642\u064a\u0646 \u062d\u0648\u0644 \u0627\u0644\u0639\u0627\u0644\u0645 \u0644\u0644\u0648\u0635\u0648\u0644 \u0625\u0644\u0649 \u062d\u0644\u0648\u0644 \u0625\u0636\u0627\u0621\u0629 \u0645\u062a\u0637\u0648\u0631\u0629 \u0645\u0635\u0645\u0645\u0629 \u062e\u0635\u064a\u0635\u064b\u0627 \u0644\u0627\u062d\u062a\u064a\u0627\u062c\u0627\u062a\u0643.<\/p>\n<p>[\/et_pb_text][\/et_pb_column][et_pb_column type=&#8221;1_3&#8243; _builder_version=&#8221;4.16&#8243; _module_preset=&#8221;73121f80-a3ef-4484-8763-c3f18e3c56d2&#8243; global_colors_info=&#8221;{}&#8221;][\/et_pb_column][\/et_pb_row][\/et_pb_section][et_pb_section fb_built=&#8221;1&#8243; admin_label=&#8221;Sponsors Logos&#8221; _builder_version=&#8221;4.24.3&#8243; _module_preset=&#8221;default&#8221; global_colors_info=&#8221;{}&#8221;][et_pb_row _builder_version=&#8221;4.18.0&#8243; _module_preset=&#8221;5138c454-be54-4233-bd3b-f8e6a8747976&#8243; global_colors_info=&#8221;{}&#8221;][et_pb_column type=&#8221;4_4&#8243; _builder_version=&#8221;4.16&#8243; _module_preset=&#8221;73121f80-a3ef-4484-8763-c3f18e3c56d2&#8243; global_colors_info=&#8221;{}&#8221;][et_pb_heading title=&#8221;\u0634\u0631\u0643\u0627\u0621 \u0627\u0644\u0645\u0628\u064a\u0639\u0627\u062a \u0644\u062f\u064a\u0646\u0627&#8221; _builder_version=&#8221;4.24.3&#8243; _module_preset=&#8221;c33f07d9-41e0-421a-8799-5799df695cce&#8221; title_level=&#8221;h2&#8243; title_font=&#8221;Syne|Syne_weight|||||||&#8221; title_text_align=&#8221;center&#8221; title_text_color=&#8221;#0e0c19&#8243; title_font_size=&#8221;50px&#8221; title_line_height=&#8221;1.2em&#8221; custom_margin=&#8221;||10px||false|false&#8221; title_font_size_tablet=&#8221;28px&#8221; title_font_size_phone=&#8221;20px&#8221; title_font_size_last_edited=&#8221;on|phone&#8221; locked=&#8221;off&#8221; global_colors_info=&#8221;{}&#8221;][\/et_pb_heading][\/et_pb_column][\/et_pb_row][et_pb_row _builder_version=&#8221;4.27.4&#8243; _module_preset=&#8221;default&#8221; global_colors_info=&#8221;{}&#8221;][et_pb_column type=&#8221;4_4&#8243; _builder_version=&#8221;4.27.4&#8243; _module_preset=&#8221;default&#8221; global_colors_info=&#8221;{}&#8221;][et_pb_map address=&#8221;7 Rue Alfred de Musset, 69100 Villeurbanne, France&#8221; zoom_level=&#8221;2&#8243; address_lat=&#8221;25.707519128213&#8243; address_lng=&#8221;4.2104632&#8243; _builder_version=&#8221;4.27.4&#8243; _module_preset=&#8221;default&#8221; height=&#8221;500px&#8221; hover_enabled=&#8221;0&#8243; global_colors_info=&#8221;{}&#8221; sticky_enabled=&#8221;0&#8243;][et_pb_map_pin title=&#8221;DopPro \u0644\u0644\u0625\u0636\u0627\u0621\u0629&#8221; pin_address=&#8221;32 Rue Raspail, 93120 La Courneuve, France&#8221; pin_address_lat=&#8221;48.922295&#8243; pin_address_lng=&#8221;2.3966881&#8243; _builder_version=&#8221;4.27.4&#8243; _module_preset=&#8221;default&#8221; global_colors_info=&#8221;{}&#8221; hover_enabled=&#8221;0&#8243; sticky_enabled=&#8221;0&#8243;]<\/p>\n<p>\u0628\u0627\u0631\u064a\u0633\u060c \u0641\u0631\u0646\u0633\u0627<\/p>\n<p>\u0627\u0644\u0645\u0648\u0642\u0639 \u0627\u0644\u0625\u0644\u0643\u062a\u0631\u0648\u0646\u064a: <a href=\"https:\/\/doppro.com\/collections\/ftsled\">https:\/\/doppro.com\/collections\/ftsled<\/a><br \/>\u0627\u0644\u0647\u0627\u062a\u0641: <a href=\"tel:+33147915718\">+33 (0) 1 47 91 57 18<\/a><br \/>\u0627\u0644\u0628\u0631\u064a\u062f \u0627\u0644\u0625\u0644\u0643\u062a\u0631\u0648\u0646\u064a: <a href=\"http:\/\/doppro@doppro.com\/\">doppro@doppro.com<\/a><\/p>\n<p><img decoding=\"async\" src=\"https:\/\/www.ftsled.fr\/wp-content\/uploads\/2025\/04\/89F498A1-51AF-45FB-9F5A-349A6F819DA0_1_201_a-1024x515.webp\" width=\"161\" height=\"81\" alt=\"\u0634\u0639\u0627\u0631 Doppro\" class=\"wp-image-25544339 alignnone size-large\"><\/p>\n<p>[\/et_pb_map_pin][et_pb_map_pin title=&#8221;PUNKLIGHT&#8221; pin_address=&#8221;V\u00e4stberga All\u00e9 25, 126 30 H\u00e4gersten, Sweden&#8221; pin_address_lat=&#8221;59.2965647&#8243; pin_address_lng=&#8221;18.0133096&#8243; _builder_version=&#8221;4.27.4&#8243; _module_preset=&#8221;default&#8221; global_colors_info=&#8221;{}&#8221;]<\/p>\n<p>\u0633\u062a\u0648\u0643\u0647\u0648\u0644\u0645\u060c \u0627\u0644\u0633\u0648\u064a\u062f<\/p>\n<p>\u0627\u0644\u0645\u0648\u0642\u0639 \u0627\u0644\u0625\u0644\u0643\u062a\u0631\u0648\u0646\u064a: <a href=\"https:\/\/punklight.com\/collections\/cerise\">https:\/\/punklight.com\/collections\/cerise<\/a><br \/>\u0627\u0644\u0647\u0627\u062a\u0641: +46 (0)10 211 50 52<br \/>\u0627\u0644\u0628\u0631\u064a\u062f \u0627\u0644\u0625\u0644\u0643\u062a\u0631\u0648\u0646\u064a: <a href=\"http:\/\/info@punklight.com\/\">info@punklight.com<\/a><\/p>\n<p><img decoding=\"async\" src=\"https:\/\/www.ftsled.fr\/wp-content\/uploads\/2025\/04\/GoDaddyStudioPage-0_b3130868-e25d-4f82-af3d-ec3357706032_540x.webp\" width=\"166\" height=\"83\" alt=\"\u0634\u0639\u0627\u0631 punklight\" class=\"wp-image-25544343 alignnone size-full\"><\/p>\n<p>[\/et_pb_map_pin][et_pb_map_pin title=&#8221;RST visions in color&#8221; pin_address=&#8221;8655 Tamarack Ave, Sun Valley, CA 91352, USA&#8221; pin_address_lat=&#8221;34.2272777&#8243; pin_address_lng=&#8221;-118.386111&#8243; _builder_version=&#8221;4.27.4&#8243; _module_preset=&#8221;default&#8221; global_colors_info=&#8221;{}&#8221;]<\/p>\n<p>\u0644\u0648\u0633 \u0623\u0646\u062c\u0644\u0648\u0633\u060c \u0627\u0644\u0648\u0644\u0627\u064a\u0627\u062a \u0627\u0644\u0645\u062a\u062d\u062f\u0629 \u0627\u0644\u0623\u0645\u0631\u064a\u0643\u064a\u0629<\/p>\n<p>\u0627\u0644\u0645\u0648\u0642\u0639 \u0627\u0644\u0625\u0644\u0643\u062a\u0631\u0648\u0646\u064a: <a href=\"https:\/\/rstvisions.com\/collections\/ftsled-cerise\">https:\/\/rstvisions.com\/collections\/ftsled-cerise<\/a><br \/>\u0627\u0644\u0647\u0627\u062a\u0641: +1 818.566.1114<\/p>\n<p><img decoding=\"async\" src=\"https:\/\/www.ftsled.fr\/wp-content\/uploads\/2025\/04\/rst-visions-in-color-1024x536.webp\" width=\"176\" height=\"92\" alt=\"\u0634\u0639\u0627\u0631 rst-visions-in-color\" class=\"wp-image-25544347 alignnone size-large\"><\/p>\n<p>[\/et_pb_map_pin][et_pb_map_pin title=&#8221;RST visions in color&#8221; pin_address=&#8221;3861 Oakcliff Industrial Ct, Doraville, GA 30340, USA&#8221; pin_address_lat=&#8221;33.9047991&#8243; pin_address_lng=&#8221;-84.2489936&#8243; _builder_version=&#8221;4.27.4&#8243; _module_preset=&#8221;default&#8221; global_colors_info=&#8221;{}&#8221;]<\/p>\n<p>\u0623\u062a\u0644\u0627\u0646\u062a\u0627\u060c \u0627\u0644\u0648\u0644\u0627\u064a\u0627\u062a \u0627\u0644\u0645\u062a\u062d\u062f\u0629 \u0627\u0644\u0623\u0645\u0631\u064a\u0643\u064a\u0629<\/p>\n<p>\u0627\u0644\u0645\u0648\u0642\u0639 \u0627\u0644\u0625\u0644\u0643\u062a\u0631\u0648\u0646\u064a: <a href=\"https:\/\/rstvisions.com\/collections\/ftsled-cerise\">https:\/\/rstvisions.com\/collections\/ftsled-cerise<\/a><br \/>\u0627\u0644\u0647\u0627\u062a\u0641: +1 470.545.5401<\/p>\n<p><img decoding=\"async\" src=\"https:\/\/www.ftsled.fr\/wp-content\/uploads\/2025\/04\/rst-visions-in-color-1024x536.webp\" width=\"180\" height=\"94\" alt=\"\u0634\u0639\u0627\u0631 rst-visions-in-color\" class=\"wp-image-25544347 alignnone size-large\"><\/p>\n<p>[\/et_pb_map_pin][et_pb_map_pin title=&#8221;B.i.g.- Brenner \u0644\u0644\u0627\u0633\u062a\u064a\u0631\u0627\u062f \u0648\u0627\u0644\u062a\u062c\u0627\u0631\u0629&#8221; pin_address=&#8221;Mooslohstra\u00dfe 60, 92637 Weiden in der Oberpfalz, Germany&#8221; pin_address_lat=&#8221;49.68565&#8243; pin_address_lng=&#8221;12.15465&#8243; _builder_version=&#8221;4.27.4&#8243; _module_preset=&#8221;default&#8221; global_colors_info=&#8221;{}&#8221;]<\/p>\n<p>\u0641\u0627\u064a\u062f\u0646 \u0625\u0646 \u062f\u064a\u0631 \u0623\u0648\u0628\u0631\u0628\u0641\u0627\u0644\u0632\u060c \u0623\u0644\u0645\u0627\u0646\u064a\u0627<\/p>\n<p>\u0627\u0644\u0645\u0648\u0642\u0639 \u0627\u0644\u0625\u0644\u0643\u062a\u0631\u0648\u0646\u064a: <a href=\"https:\/\/www.big-photo.de\/\">https:\/\/www.big-photo.de\/<\/a><br \/>\u0627\u0644\u0647\u0627\u062a\u0641: 09 61 \/ 6 14 14<br \/>\u0627\u0644\u0628\u0631\u064a\u062f \u0627\u0644\u0625\u0644\u0643\u062a\u0631\u0648\u0646\u064a: <span> <\/span><a href=\"mailto:info@big-photo.de\">info@big-photo.de<\/a><\/p>\n<p><img decoding=\"async\" src=\"https:\/\/www.ftsled.fr\/wp-content\/uploads\/2025\/04\/BIG-Logo.png\" width=\"196\" height=\"55\" alt=\"\u0634\u0639\u0627\u0631 BIG\" class=\"wp-image-25544341 alignnone size-full\"><\/p>\n<p>[\/et_pb_map_pin][et_pb_map_pin title=&#8221;TecArt&#8221; pin_address=&#8221;Unit 3\/169 Beavers Rd, Northcote VIC 3070, Australia&#8221; pin_address_lat=&#8221;-37.76574&#8243; pin_address_lng=&#8221;144.98654&#8243; _builder_version=&#8221;4.27.4&#8243; _module_preset=&#8221;default&#8221; global_colors_info=&#8221;{}&#8221;]<\/p>\n<p>\u0645\u0644\u0628\u0648\u0631\u0646\u060c \u0623\u0633\u062a\u0631\u0627\u0644\u064a\u0627<\/p>\n<p>\u0627\u0644\u0645\u0648\u0642\u0639 \u0627\u0644\u0625\u0644\u0643\u062a\u0631\u0648\u0646\u064a: <a href=\"https:\/\/www.tecart.com.au\/brand\/ftsled\">https:\/\/www.tecart.com.au\/brand\/ftsled<\/a><br \/>\u0627\u0644\u0647\u0627\u062a\u0641: +61 3 9486 5899<br \/>\u0627\u0644\u0628\u0631\u064a\u062f \u0627\u0644\u0625\u0644\u0643\u062a\u0631\u0648\u0646\u064a: <a href=\"mailto:retail@tecart.com.au\">retail@tecart.com.au<\/a><\/p>\n<p><img decoding=\"async\" src=\"https:\/\/www.ftsled.fr\/wp-content\/uploads\/2025\/04\/images.png\" width=\"111\" height=\"111\" alt=\"\u0634\u0639\u0627\u0631 tecart\" class=\"wp-image-25544345 alignnone size-full\" srcset=\"https:\/\/www.ftsled.fr\/wp-content\/uploads\/2025\/04\/images.png 225w, https:\/\/www.ftsled.fr\/wp-content\/uploads\/2025\/04\/images-150x150.png 150w\" sizes=\"(max-width: 111px) 100vw, 111px\" \/><\/p>\n<p>[\/et_pb_map_pin][et_pb_map_pin _builder_version=&#8221;4.27.4&#8243; _module_preset=&#8221;default&#8221; hover_enabled=&#8221;0&#8243; sticky_enabled=&#8221;0&#8243; title=&#8221;Production Gear Ltd&#8221; pin_address=&#8221;2 Mundells, Welwyn Garden City AL7 1EN, Royaume-Uni&#8221; pin_address_lat=&#8221;51.8087247&#8243; pin_address_lng=&#8221;-0.1885846&#8243;]<\/p>\n<p><span>Welwyn Garden City, UK<\/span><\/p>\n<p>\u0627\u0644\u0645\u0648\u0642\u0639 \u0627\u0644\u0625\u0644\u0643\u062a\u0631\u0648\u0646\u064a: <a href=\"https:\/\/www.productiongear.co.uk\/ftsled.html\">https:\/\/www.productiongear.co.uk\/ftsled.html<\/a><br \/>\u0627\u0644\u0647\u0627\u062a\u0641: <a href=\"tel:+442082361212\">+44 20 8236 1212<\/a><br \/>\u0627\u0644\u0628\u0631\u064a\u062f \u0627\u0644\u0625\u0644\u0643\u062a\u0631\u0648\u0646\u064a: <a href=\"mailto:sales@productiongear.co.uk\">sales@productiongear.co.uk<\/a><\/p>\n<p><img decoding=\"async\" src=\"https:\/\/www.productiongear.co.uk\/images\/logos\/logonew.png\" alt=\"\u0627\u062a\u0635\u0644 \u0628\u0646\u0627 - Production Gear Ltd - \u0643\u0627\u0645\u064a\u0631\u0627\u062a \u0627\u0644\u0628\u062b \u0648\u0627\u0644\u0643\u0627\u0645\u064a\u0631\u0627\u062a \u0627\u0644\u0627\u062d\u062a\u0631\u0627\u0641\u064a\u0629 \u0648\u0627\u0644\u0625\u0643\u0633\u0633\u0648\u0627\u0631\u0627\u062a\"><\/p>\n<p>[\/et_pb_map_pin][et_pb_map_pin _builder_version=&#8221;4.27.4&#8243; _module_preset=&#8221;default&#8221; hover_enabled=&#8221;0&#8243; sticky_enabled=&#8221;0&#8243; title=&#8221;Trisight inc.&#8221; pin_address=&#8221;1er, 1-ch\u014dme-43-1 Mizue, Edogawa City, Tokyo 132-0011, Japon&#8221; pin_address_lat=&#8221;35.6987164&#8243; pin_address_lng=&#8221;139.8971404&#8243;]<\/p>\n<p>\u0637\u0648\u0643\u064a\u0648\u060c \u0627\u0644\u064a\u0627\u0628\u0627\u0646<\/p>\n<p>\u0627\u0644\u0645\u0648\u0642\u0639 \u0627\u0644\u0625\u0644\u0643\u062a\u0631\u0648\u0646\u064a: <a href=\"https:\/\/trisight.jp\/products\/fts\/\">https:\/\/trisight.jp\/products\/fts\/<\/a><br \/>\u0627\u0644\u0647\u0627\u062a\u0641: <a href=\"tel:+81366387638\">+81 3-6638-7638<\/a><\/p>\n<p><img decoding=\"async\" src=\"https:\/\/trisight.jp\/wp-content\/uploads\/2023\/12\/54671a8d-7bad-4707-8392-826848226602.png\" alt=\"\u682a\u5f0f\u4f1a\u793e\u30c8\u30e9\u30a4\u30b5\u30a4\u30c8\" width=\"263\" height=\"59\"><\/p>\n<p>[\/et_pb_map_pin][\/et_pb_map][et_pb_divider show_divider=&#8221;off&#8221; _builder_version=&#8221;4.27.4&#8243; _module_preset=&#8221;default&#8221; min_height=&#8221;41.8px&#8221; global_colors_info=&#8221;{}&#8221;][\/et_pb_divider][\/et_pb_column][\/et_pb_row][et_pb_row _builder_version=&#8221;4.18.0&#8243; _module_preset=&#8221;5138c454-be54-4233-bd3b-f8e6a8747976&#8243; global_colors_info=&#8221;{}&#8221;][et_pb_column type=&#8221;4_4&#8243; _builder_version=&#8221;4.16&#8243; _module_preset=&#8221;73121f80-a3ef-4484-8763-c3f18e3c56d2&#8243; global_colors_info=&#8221;{}&#8221;][et_pb_heading title=&#8221;\u0645\u0648\u0627\u0642\u0639 \u0627\u0644\u062a\u0623\u062c\u064a\u0631&#8221; _builder_version=&#8221;4.24.3&#8243; _module_preset=&#8221;c33f07d9-41e0-421a-8799-5799df695cce&#8221; title_level=&#8221;h2&#8243; title_font=&#8221;Syne|Syne_weight|||||||&#8221; title_text_align=&#8221;center&#8221; title_text_color=&#8221;#0e0c19&#8243; title_font_size=&#8221;50px&#8221; title_line_height=&#8221;1.2em&#8221; custom_margin=&#8221;||10px||false|false&#8221; title_font_size_tablet=&#8221;28px&#8221; title_font_size_phone=&#8221;20px&#8221; title_font_size_last_edited=&#8221;on|phone&#8221; locked=&#8221;off&#8221; global_colors_info=&#8221;{}&#8221;][\/et_pb_heading][\/et_pb_column][\/et_pb_row][et_pb_row _builder_version=&#8221;4.27.4&#8243; _module_preset=&#8221;default&#8221; global_colors_info=&#8221;{}&#8221;][et_pb_column type=&#8221;4_4&#8243; _builder_version=&#8221;4.27.4&#8243; _module_preset=&#8221;default&#8221; global_colors_info=&#8221;{}&#8221;][et_pb_map address=&#8221;7 Rue Alfred de Musset, 69100 Villeurbanne, France&#8221; zoom_level=&#8221;6&#8243; address_lat=&#8221;47.845950459003&#8243; address_lng=&#8221;3.5317086022257&#8243; _builder_version=&#8221;4.27.4&#8243; _module_preset=&#8221;default&#8221; height=&#8221;500px&#8221; hover_enabled=&#8221;0&#8243; global_colors_info=&#8221;{}&#8221; sticky_enabled=&#8221;0&#8243;][et_pb_map_pin title=&#8221;ACC&amp;LED&#8221; pin_address=&#8221;51 Rue du Commandant Rolland BAT. E-3, 93350 Le Bourget&#8221; pin_address_lat=&#8221;48.922295&#8243; pin_address_lng=&#8221;2.3966881&#8243; _builder_version=&#8221;4.27.4&#8243; _module_preset=&#8221;default&#8221; global_colors_info=&#8221;{}&#8221;]<\/p>\n<p>\u0627\u0644\u0645\u0648\u0642\u0639 \u0627\u0644\u0625\u0644\u0643\u062a\u0631\u0648\u0646\u064a: <a href=\"https:\/\/www.accled.fr\/\">https:\/\/www.accled.fr\/<\/a><br \/>\u0627\u0644\u0647\u0627\u062a\u0641: +33 <span>1 78 94 58 60<\/span><br \/>\u0627\u0644\u0628\u0631\u064a\u062f \u0627\u0644\u0625\u0644\u0643\u062a\u0631\u0648\u0646\u064a: contact@accled.fr<\/p>\n<p>[\/et_pb_map_pin][et_pb_map_pin title=&#8221;Transpalux&#8221; pin_address=&#8221;3-5 Rue de l&#8217;Industrie, 92230 Gennevilliers, France&#8221; pin_address_lat=&#8221;48.9314137&#8243; pin_address_lng=&#8221;2.3116809&#8243; _builder_version=&#8221;4.27.4&#8243; _module_preset=&#8221;default&#8221; global_colors_info=&#8221;{}&#8221;]<\/p>\n<p>\u0627\u0644\u0645\u0648\u0642\u0639 \u0627\u0644\u0625\u0644\u0643\u062a\u0631\u0648\u0646\u064a: <a href=\"http:\/\/www.transpalux.com\/\">http:\/\/www.transpalux.com\/<\/a><br \/>\u0627\u0644\u0647\u0627\u062a\u0641: +33 1 47 99 03 33<\/p>\n<p>[\/et_pb_map_pin][et_pb_map_pin title=&#8221;TSF&#8221; pin_address=&#8221;30 Av. George Sand, 93210 Saint-Denis, France&#8221; pin_address_lat=&#8221;48.9088425&#8243; pin_address_lng=&#8221;2.3645619&#8243; _builder_version=&#8221;4.27.4&#8243; _module_preset=&#8221;default&#8221; global_colors_info=&#8221;{}&#8221;]<\/p>\n<p>\u0627\u0644\u0645\u0648\u0642\u0639 \u0627\u0644\u0625\u0644\u0643\u062a\u0631\u0648\u0646\u064a: <a href=\"http:\/\/www.tsf.fr\/\">http:\/\/www.tsf.fr\/<\/a><br \/>\u0627\u0644\u0647\u0627\u062a\u0641: +33 1 49 17 60 00<\/p>\n<p>[\/et_pb_map_pin][et_pb_map_pin title=&#8221;Cinelights&#8221; pin_address=&#8221;13 Rue de l&#8217;Industrie 13 17, 92230 Gennevilliers, France&#8221; pin_address_lat=&#8221;48.931095&#8243; pin_address_lng=&#8221;2.3092123&#8243; _builder_version=&#8221;4.27.4&#8243; _module_preset=&#8221;default&#8221; global_colors_info=&#8221;{}&#8221;]<\/p>\n<p>\u0627\u0644\u0645\u0648\u0642\u0639 \u0627\u0644\u0625\u0644\u0643\u062a\u0631\u0648\u0646\u064a: <a href=\"http:\/\/www.cinelights.fr\/\">http:\/\/www.cinelights.fr\/<\/a><a href=\"https:\/\/rstvisions.com\/collections\/ftsled-cerise\"><\/a><br \/>\u0627\u0644\u0647\u0627\u062a\u0641: +33 9 85 15 85 16<\/p>\n<p>[\/et_pb_map_pin][et_pb_map_pin title=&#8221;Indie location&#8221; pin_address=&#8221;23 Rue Alfred de Musset, 69100 Villeurbanne, France&#8221; pin_address_lat=&#8221;45.7578559&#8243; pin_address_lng=&#8221;4.919246&#8243; _builder_version=&#8221;4.27.4&#8243; _module_preset=&#8221;default&#8221; global_colors_info=&#8221;{}&#8221;]<\/p>\n<p>\u0627\u0644\u0645\u0648\u0642\u0639 \u0627\u0644\u0625\u0644\u0643\u062a\u0631\u0648\u0646\u064a: <a href=\"http:\/\/www.indie.rent\/\">http:\/\/www.indie.rent\/<\/a><br \/>\u0627\u0644\u0647\u0627\u062a\u0641: +33 4 26 78 73 78<\/p>\n<p>[\/et_pb_map_pin][\/et_pb_map][et_pb_text _builder_version=&#8221;4.27.4&#8243; _module_preset=&#8221;default&#8221; global_colors_info=&#8221;{}&#8221;]<\/p>\n<p>\u0647\u0644 \u0641\u0627\u062a\u0646\u0627 \u0634\u064a\u0621\u061f \u0623\u0631\u0633\u0644 \u0644\u0646\u0627 \u0628\u0631\u064a\u062f\u064b\u0627 \u0625\u0644\u0643\u062a\u0631\u0648\u0646\u064a\u064b\u0627 \u0647\u0646\u0627: <a href=\"mailto:contact@ftsled.fr\">contact@ftsled.fr<\/a> <\/p>\n<p>[\/et_pb_text][\/et_pb_column][\/et_pb_row][\/et_pb_section]<\/p>\n","protected":false},"excerpt":{"rendered":"<p>\u062a\u0648\u0627\u0635\u0644 \u0645\u0639 \u0645\u0648\u0632\u0639\u064a\u0646\u0627 \u0627\u0644\u0645\u0648\u062b\u0648\u0642\u064a\u0646 \u062d\u0648\u0644 \u0627\u0644\u0639\u0627\u0644\u0645 \u0644\u0644\u0648\u0635\u0648\u0644 \u0625\u0644\u0649 \u062d\u0644\u0648\u0644 \u0625\u0636\u0627\u0621\u0629 \u0645\u062a\u0637\u0648\u0631\u0629 \u0645\u0635\u0645\u0645\u0629 \u062e\u0635\u064a\u0635\u064b\u0627 \u0644\u0627\u062d\u062a\u064a\u0627\u062c\u0627\u062a\u0643.\u0628\u0627\u0631\u064a\u0633\u060c \u0641\u0631\u0646\u0633\u0627 \u0627\u0644\u0645\u0648\u0642\u0639 \u0627\u0644\u0625\u0644\u0643\u062a\u0631\u0648\u0646\u064a: https:\/\/doppro.com\/collections\/ftsled\u0627\u0644\u0647\u0627\u062a\u0641: +33 (0) 1 47 91 57 18\u0627\u0644\u0628\u0631\u064a\u062f \u0627\u0644\u0625\u0644\u0643\u062a\u0631\u0648\u0646\u064a: doppro@doppro.com \u0633\u062a\u0648\u0643\u0647\u0648\u0644\u0645\u060c \u0627\u0644\u0633\u0648\u064a\u062f \u0627\u0644\u0645\u0648\u0642\u0639 \u0627\u0644\u0625\u0644\u0643\u062a\u0631\u0648\u0646\u064a: https:\/\/punklight.com\/collections\/cerise\u0627\u0644\u0647\u0627\u062a\u0641: +46 (0)10 211 50 52\u0627\u0644\u0628\u0631\u064a\u062f \u0627\u0644\u0625\u0644\u0643\u062a\u0631\u0648\u0646\u064a: info@punklight.com \u0644\u0648\u0633 \u0623\u0646\u062c\u0644\u0648\u0633\u060c \u0627\u0644\u0648\u0644\u0627\u064a\u0627\u062a \u0627\u0644\u0645\u062a\u062d\u062f\u0629 \u0627\u0644\u0623\u0645\u0631\u064a\u0643\u064a\u0629 \u0627\u0644\u0645\u0648\u0642\u0639 \u0627\u0644\u0625\u0644\u0643\u062a\u0631\u0648\u0646\u064a: https:\/\/rstvisions.com\/collections\/ftsled-cerise\u0627\u0644\u0647\u0627\u062a\u0641: +1 818.566.1114 \u0623\u062a\u0644\u0627\u0646\u062a\u0627\u060c \u0627\u0644\u0648\u0644\u0627\u064a\u0627\u062a \u0627\u0644\u0645\u062a\u062d\u062f\u0629 \u0627\u0644\u0623\u0645\u0631\u064a\u0643\u064a\u0629 \u0627\u0644\u0645\u0648\u0642\u0639 \u0627\u0644\u0625\u0644\u0643\u062a\u0631\u0648\u0646\u064a: [&hellip;]<\/p>\n","protected":false},"author":1,"featured_media":0,"parent":0,"menu_order":0,"comment_status":"closed","ping_status":"closed","template":"","meta":{"_et_pb_use_builder":"on","_et_pb_old_content":"","_et_gb_content_width":"","inline_featured_image":false,"footnotes":""},"dipi_cpt_category":[],"class_list":["post-25545109","page","type-page","status-publish","hentry"],"_links":{"self":[{"href":"https:\/\/www.ftsled.fr\/ar\/wp-json\/wp\/v2\/pages\/25545109","targetHints":{"allow":["GET"]}}],"collection":[{"href":"https:\/\/www.ftsled.fr\/ar\/wp-json\/wp\/v2\/pages"}],"about":[{"href":"https:\/\/www.ftsled.fr\/ar\/wp-json\/wp\/v2\/types\/page"}],"author":[{"embeddable":true,"href":"https:\/\/www.ftsled.fr\/ar\/wp-json\/wp\/v2\/users\/1"}],"replies":[{"embeddable":true,"href":"https:\/\/www.ftsled.fr\/ar\/wp-json\/wp\/v2\/comments?post=25545109"}],"version-history":[{"count":4,"href":"https:\/\/www.ftsled.fr\/ar\/wp-json\/wp\/v2\/pages\/25545109\/revisions"}],"predecessor-version":[{"id":25545313,"href":"https:\/\/www.ftsled.fr\/ar\/wp-json\/wp\/v2\/pages\/25545109\/revisions\/25545313"}],"wp:attachment":[{"href":"https:\/\/www.ftsled.fr\/ar\/wp-json\/wp\/v2\/media?parent=25545109"}],"wp:term":[{"taxonomy":"dipi_cpt_category","embeddable":true,"href":"https:\/\/www.ftsled.fr\/ar\/wp-json\/wp\/v2\/dipi_cpt_category?post=25545109"}],"curies":[{"name":"wp","href":"https:\/\/api.w.org\/{rel}","templated":true}]}}